{"id":6679,"date":"2025-06-24T17:04:41","date_gmt":"2025-06-24T17:04:41","guid":{"rendered":"https:\/\/roiacademy.net\/?page_id=6679"},"modified":"2025-06-25T02:17:47","modified_gmt":"2025-06-25T02:17:47","slug":"apliko-tani","status":"publish","type":"page","link":"https:\/\/roiacademy.net\/en\/apliko-tani\/","title":{"rendered":"Apliko tani"},"content":{"rendered":"\t\t<div data-elementor-type=\"wp-page\" data-elementor-id=\"6679\" class=\"elementor elementor-6679\" data-elementor-post-type=\"page\">\n\t\t\t\t<div class=\"elementor-element elementor-element-ea6f6d3 e-flex e-con-boxed e-con e-parent\" data-id=\"ea6f6d3\" data-element_type=\"container\" data-e-type=\"container\" data-settings=\"{&quot;background_background&quot;:&quot;classic&quot;}\">\n\t\t\t\t\t<div class=\"e-con-inner\">\n\t\t<div class=\"elementor-element elementor-element-80631c2 e-con-full e-flex e-con e-child\" data-id=\"80631c2\" data-element_type=\"container\" data-e-type=\"container\">\n\t\t<div class=\"elementor-element elementor-element-9c7457e e-con-full e-flex e-con e-child\" data-id=\"9c7457e\" data-element_type=\"container\" data-e-type=\"container\">\n\t\t<div class=\"elementor-element elementor-element-a6a2637 e-con-full e-flex e-con e-child\" data-id=\"a6a2637\" data-element_type=\"container\" data-e-type=\"container\">\n\t\t\t\t<div class=\"elementor-element elementor-element-23f0e63 elementor-widget elementor-widget-heading\" data-id=\"23f0e63\" data-element_type=\"widget\" data-e-type=\"widget\" data-widget_type=\"heading.default\">\n\t\t\t\t<div class=\"elementor-widget-container\">\n\t\t\t\t\t<h2 class=\"elementor-heading-title elementor-size-default\">Apliko dhe p\u00ebrfito nga oferta aktuale<\/h2>\t\t\t\t<\/div>\n\t\t\t\t<\/div>\n\t\t\t\t<div class=\"elementor-element elementor-element-7baccbf elementor-widget elementor-widget-text-editor\" data-id=\"7baccbf\" data-element_type=\"widget\" data-e-type=\"widget\" data-widget_type=\"text-editor.default\">\n\t\t\t\t<div class=\"elementor-widget-container\">\n\t\t\t\t\t\t\t\t\t<p style=\"text-align: left;\"><span style=\"font-weight: 400;\">P<\/span><span style=\"font-family: Poppins, sans-serif; font-size: 16px; font-style: normal; font-variant-ligatures: normal; font-variant-caps: normal; font-weight: 400;\">\u00ebr t<\/span><span style=\"font-family: Poppins, sans-serif; font-size: 16px; font-style: normal; font-variant-ligatures: normal; font-variant-caps: normal; font-weight: 400;\">\u00eb aplikuar, ju lutem plot<\/span><span style=\"font-family: Poppins, sans-serif; font-size: 16px; font-style: normal; font-variant-ligatures: normal; font-variant-caps: normal; font-weight: 400;\">\u00ebsoni fushat m<\/span><span style=\"font-family: Poppins, sans-serif; font-size: 16px; font-style: normal; font-variant-ligatures: normal; font-variant-caps: normal; font-weight: 400;\">\u00eb posht<\/span><span style=\"font-family: Poppins, sans-serif; font-size: 16px; font-style: normal; font-variant-ligatures: normal; font-variant-caps: normal; font-weight: 400;\">\u00eb:<\/span><\/p>\t\t\t\t\t\t\t\t<\/div>\n\t\t\t\t<\/div>\n\t\t\t\t<div class=\"elementor-element elementor-element-0a7064a elementor-button-align-stretch elementor-widget elementor-widget-form\" data-id=\"0a7064a\" data-element_type=\"widget\" data-e-type=\"widget\" data-settings=\"{&quot;step_next_label&quot;:&quot;Next&quot;,&quot;step_previous_label&quot;:&quot;Previous&quot;,&quot;button_width&quot;:&quot;100&quot;,&quot;step_type&quot;:&quot;number_text&quot;,&quot;step_icon_shape&quot;:&quot;circle&quot;}\" data-widget_type=\"form.default\">\n\t\t\t\t<div class=\"elementor-widget-container\">\n\t\t\t\t\t\t\t<form class=\"elementor-form\" method=\"post\" name=\"New Form\" aria-label=\"New Form\">\n\t\t\t<input type=\"hidden\" name=\"post_id\" value=\"6679\"\/>\n\t\t\t<input type=\"hidden\" name=\"form_id\" value=\"0a7064a\"\/>\n\t\t\t<input type=\"hidden\" name=\"referer_title\" value=\"Apliko tani - ROI Academy - Trajnime profesionale dhe praktik\u00eb\" \/>\n\n\t\t\t\t\t\t\t<input type=\"hidden\" name=\"queried_id\" value=\"6679\"\/>\n\t\t\t\n\t\t\t<div class=\"elementor-form-fields-wrapper elementor-labels-above\">\n\t\t\t\t\t\t\t\t<div class=\"elementor-field-type-text elementor-field-group elementor-column elementor-field-group-name elementor-col-50 elementor-field-required\">\n\t\t\t\t\t\t\t\t\t\t\t\t<label for=\"form-field-name\" class=\"elementor-field-label\">\n\t\t\t\t\t\t\t\tEm\u00ebr\t\t\t\t\t\t\t<\/label>\n\t\t\t\t\t\t\t\t\t\t\t\t\t\t<input size=\"1\" type=\"text\" name=\"form_fields[name]\" id=\"form-field-name\" class=\"elementor-field elementor-size-sm  elementor-field-textual\" required=\"required\">\n\t\t\t\t\t\t\t\t\t\t\t<\/div>\n\t\t\t\t\t\t\t\t<div class=\"elementor-field-type-text elementor-field-group elementor-column elementor-field-group-field_820169f elementor-col-50 elementor-field-required\">\n\t\t\t\t\t\t\t\t\t\t\t\t<label for=\"form-field-field_820169f\" class=\"elementor-field-label\">\n\t\t\t\t\t\t\t\tMbiem\u00ebr\t\t\t\t\t\t\t<\/label>\n\t\t\t\t\t\t\t\t\t\t\t\t\t\t<input size=\"1\" type=\"text\" name=\"form_fields[field_820169f]\" id=\"form-field-field_820169f\" class=\"elementor-field elementor-size-sm  elementor-field-textual\" required=\"required\">\n\t\t\t\t\t\t\t\t\t\t\t<\/div>\n\t\t\t\t\t\t\t\t<div class=\"elementor-field-type-text elementor-field-group elementor-column elementor-field-group-field_b15cf0e elementor-col-100 elementor-field-required\">\n\t\t\t\t\t\t\t\t\t\t\t\t<label for=\"form-field-field_b15cf0e\" class=\"elementor-field-label\">\n\t\t\t\t\t\t\t\tNumri telefonit\t\t\t\t\t\t\t<\/label>\n\t\t\t\t\t\t\t\t\t\t\t\t\t\t<input size=\"1\" type=\"text\" name=\"form_fields[field_b15cf0e]\" id=\"form-field-field_b15cf0e\" class=\"elementor-field elementor-size-sm  elementor-field-textual\" required=\"required\">\n\t\t\t\t\t\t\t\t\t\t\t<\/div>\n\t\t\t\t\t\t\t\t<div class=\"elementor-field-type-email elementor-field-group elementor-column elementor-field-group-email elementor-col-100 elementor-field-required\">\n\t\t\t\t\t\t\t\t\t\t\t\t<label for=\"form-field-email\" class=\"elementor-field-label\">\n\t\t\t\t\t\t\t\tEmail\t\t\t\t\t\t\t<\/label>\n\t\t\t\t\t\t\t\t\t\t\t\t\t\t<input size=\"1\" type=\"email\" name=\"form_fields[email]\" id=\"form-field-email\" class=\"elementor-field elementor-size-sm  elementor-field-textual\" required=\"required\">\n\t\t\t\t\t\t\t\t\t\t\t<\/div>\n\t\t\t\t\t\t\t\t<div class=\"elementor-field-type-text elementor-field-group elementor-column elementor-field-group-field_0b29d92 elementor-col-100\">\n\t\t\t\t\t\t\t\t\t\t\t\t<label for=\"form-field-field_0b29d92\" class=\"elementor-field-label\">\n\t\t\t\t\t\t\t\tP\u00ebr cilin trajnim jeni i\/e interesuar?\t\t\t\t\t\t\t<\/label>\n\t\t\t\t\t\t\t\t\t\t\t\t\t\t<input size=\"1\" type=\"text\" name=\"form_fields[field_0b29d92]\" id=\"form-field-field_0b29d92\" class=\"elementor-field elementor-size-sm  elementor-field-textual\">\n\t\t\t\t\t\t\t\t\t\t\t<\/div>\n\t\t\t\t\t\t\t\t<div class=\"elementor-field-type-textarea elementor-field-group elementor-column elementor-field-group-message elementor-col-100\">\n\t\t\t\t\t\t\t\t\t\t\t\t<label for=\"form-field-message\" class=\"elementor-field-label\">\n\t\t\t\t\t\t\t\tMessage\t\t\t\t\t\t\t<\/label>\n\t\t\t\t\t\t<textarea class=\"elementor-field-textual elementor-field  elementor-size-sm\" name=\"form_fields[message]\" id=\"form-field-message\" rows=\"4\"><\/textarea>\t\t\t\t<\/div>\n\t\t\t\t\t\t\t\t<div class=\"elementor-field-group elementor-column elementor-field-type-submit elementor-col-100 e-form__buttons\">\n\t\t\t\t\t<button class=\"elementor-button elementor-size-sm\" type=\"submit\">\n\t\t\t\t\t\t<span class=\"elementor-button-content-wrapper\">\n\t\t\t\t\t\t\t\t\t\t\t\t\t\t\t\t\t\t\t\t\t\t<span class=\"elementor-button-text\">Submit Aplication<\/span>\n\t\t\t\t\t\t\t\t\t\t\t\t\t<\/span>\n\t\t\t\t\t<\/button>\n\t\t\t\t<\/div>\n\t\t\t<\/div>\n\t\t<\/form>\n\t\t\t\t\t\t<\/div>\n\t\t\t\t<\/div>\n\t\t\t\t<\/div>\n\t\t\t\t<\/div>\n\t\t\t\t<\/div>\n\t\t\t\t\t<\/div>\n\t\t\t\t<\/div>\n\t\t\t\t<\/div>\n\t\t","protected":false},"excerpt":{"rendered":"<p>Apliko dhe p\u00ebrfito nga oferta aktuale P\u00ebr t\u00eb aplikuar, ju lutem plot\u00ebsoni fushat m\u00eb posht\u00eb:<\/p>","protected":false},"author":4,"featured_media":0,"parent":0,"menu_order":0,"comment_status":"closed","ping_status":"closed","template":"elementor_header_footer","meta":{"footnotes":""},"class_list":["post-6679","page","type-page","status-publish","hentry","entry","owp-thumbs-layout-horizontal","owp-btn-normal","owp-tabs-layout-horizontal","has-no-thumbnails","has-product-nav"],"yoast_head":"<!-- This site is optimized with the Yoast SEO plugin v27.5 - https:\/\/yoast.com\/product\/yoast-seo-wordpress\/ -->\n<title>Apliko tani - ROI Academy - Trajnime profesionale dhe praktik\u00eb<\/title>\n<meta name=\"robots\" content=\"index, follow, max-snippet:-1, max-image-preview:large, max-video-preview:-1\" \/>\n<link rel=\"canonical\" href=\"https:\/\/roiacademy.net\/en\/apliko-tani\/\" \/>\n<meta property=\"og:locale\" content=\"en_US\" \/>\n<meta property=\"og:type\" content=\"article\" \/>\n<meta property=\"og:title\" content=\"Apliko tani - ROI Academy - Trajnime profesionale dhe praktik\u00eb\" \/>\n<meta property=\"og:description\" content=\"Apliko dhe p\u00ebrfito nga oferta aktuale P\u00ebr t\u00eb aplikuar, ju lutem plot\u00ebsoni fushat m\u00eb posht\u00eb:\" \/>\n<meta property=\"og:url\" content=\"https:\/\/roiacademy.net\/en\/apliko-tani\/\" \/>\n<meta property=\"og:site_name\" content=\"ROI Academy - Trajnime profesionale dhe praktik\u00eb\" \/>\n<meta property=\"article:modified_time\" content=\"2025-06-25T02:17:47+00:00\" \/>\n<meta name=\"twitter:card\" content=\"summary_large_image\" \/>\n<meta name=\"twitter:label1\" content=\"Est. reading time\" \/>\n\t<meta name=\"twitter:data1\" content=\"1 minute\" \/>\n<script type=\"application\/ld+json\" class=\"yoast-schema-graph\">{\"@context\":\"https:\\\/\\\/schema.org\",\"@graph\":[{\"@type\":\"WebPage\",\"@id\":\"https:\\\/\\\/roiacademy.net\\\/apliko-tani\\\/\",\"url\":\"https:\\\/\\\/roiacademy.net\\\/apliko-tani\\\/\",\"name\":\"Apliko tani - ROI Academy - Trajnime profesionale dhe praktik\u00eb\",\"isPartOf\":{\"@id\":\"https:\\\/\\\/roiacademy.net\\\/#website\"},\"datePublished\":\"2025-06-24T17:04:41+00:00\",\"dateModified\":\"2025-06-25T02:17:47+00:00\",\"breadcrumb\":{\"@id\":\"https:\\\/\\\/roiacademy.net\\\/apliko-tani\\\/#breadcrumb\"},\"inLanguage\":\"en-US\",\"potentialAction\":[{\"@type\":\"ReadAction\",\"target\":[\"https:\\\/\\\/roiacademy.net\\\/apliko-tani\\\/\"]}]},{\"@type\":\"BreadcrumbList\",\"@id\":\"https:\\\/\\\/roiacademy.net\\\/apliko-tani\\\/#breadcrumb\",\"itemListElement\":[{\"@type\":\"ListItem\",\"position\":1,\"name\":\"Home\",\"item\":\"https:\\\/\\\/roiacademy.net\\\/\"},{\"@type\":\"ListItem\",\"position\":2,\"name\":\"Apliko tani\"}]},{\"@type\":\"WebSite\",\"@id\":\"https:\\\/\\\/roiacademy.net\\\/#website\",\"url\":\"https:\\\/\\\/roiacademy.net\\\/\",\"name\":\"ROI Academy - Trajnime profesionale dhe praktik\u00eb\",\"description\":\"ROI Academy - Trajnime profesionale dhe praktik\u00eb\",\"publisher\":{\"@id\":\"https:\\\/\\\/roiacademy.net\\\/#organization\"},\"potentialAction\":[{\"@type\":\"SearchAction\",\"target\":{\"@type\":\"EntryPoint\",\"urlTemplate\":\"https:\\\/\\\/roiacademy.net\\\/?s={search_term_string}\"},\"query-input\":{\"@type\":\"PropertyValueSpecification\",\"valueRequired\":true,\"valueName\":\"search_term_string\"}}],\"inLanguage\":\"en-US\"},{\"@type\":\"Organization\",\"@id\":\"https:\\\/\\\/roiacademy.net\\\/#organization\",\"name\":\"ROI Academy - Trajnime profesionale dhe praktik\u00eb\",\"url\":\"https:\\\/\\\/roiacademy.net\\\/\",\"logo\":{\"@type\":\"ImageObject\",\"inLanguage\":\"en-US\",\"@id\":\"https:\\\/\\\/roiacademy.net\\\/#\\\/schema\\\/logo\\\/image\\\/\",\"url\":\"https:\\\/\\\/roiacademy.net\\\/wp-content\\\/uploads\\\/2019\\\/09\\\/cropped-weblogo-final.png\",\"contentUrl\":\"https:\\\/\\\/roiacademy.net\\\/wp-content\\\/uploads\\\/2019\\\/09\\\/cropped-weblogo-final.png\",\"width\":100,\"height\":40,\"caption\":\"ROI Academy - Trajnime profesionale dhe praktik\u00eb\"},\"image\":{\"@id\":\"https:\\\/\\\/roiacademy.net\\\/#\\\/schema\\\/logo\\\/image\\\/\"}}]}<\/script>\n<!-- \/ Yoast SEO plugin. -->","yoast_head_json":{"title":"Apliko tani - ROI Academy - Trajnime profesionale dhe praktik\u00eb","robots":{"index":"index","follow":"follow","max-snippet":"max-snippet:-1","max-image-preview":"max-image-preview:large","max-video-preview":"max-video-preview:-1"},"canonical":"https:\/\/roiacademy.net\/en\/apliko-tani\/","og_locale":"en_US","og_type":"article","og_title":"Apliko tani - ROI Academy - Trajnime profesionale dhe praktik\u00eb","og_description":"Apliko dhe p\u00ebrfito nga oferta aktuale P\u00ebr t\u00eb aplikuar, ju lutem plot\u00ebsoni fushat m\u00eb posht\u00eb:","og_url":"https:\/\/roiacademy.net\/en\/apliko-tani\/","og_site_name":"ROI Academy - Trajnime profesionale dhe praktik\u00eb","article_modified_time":"2025-06-25T02:17:47+00:00","twitter_card":"summary_large_image","twitter_misc":{"Est. reading time":"1 minute"},"schema":{"@context":"https:\/\/schema.org","@graph":[{"@type":"WebPage","@id":"https:\/\/roiacademy.net\/apliko-tani\/","url":"https:\/\/roiacademy.net\/apliko-tani\/","name":"Apliko tani - ROI Academy - Trajnime profesionale dhe praktik\u00eb","isPartOf":{"@id":"https:\/\/roiacademy.net\/#website"},"datePublished":"2025-06-24T17:04:41+00:00","dateModified":"2025-06-25T02:17:47+00:00","breadcrumb":{"@id":"https:\/\/roiacademy.net\/apliko-tani\/#breadcrumb"},"inLanguage":"en-US","potentialAction":[{"@type":"ReadAction","target":["https:\/\/roiacademy.net\/apliko-tani\/"]}]},{"@type":"BreadcrumbList","@id":"https:\/\/roiacademy.net\/apliko-tani\/#breadcrumb","itemListElement":[{"@type":"ListItem","position":1,"name":"Home","item":"https:\/\/roiacademy.net\/"},{"@type":"ListItem","position":2,"name":"Apliko tani"}]},{"@type":"WebSite","@id":"https:\/\/roiacademy.net\/#website","url":"https:\/\/roiacademy.net\/","name":"ROI Academy - Trajnime profesionale dhe praktik\u00eb","description":"ROI Academy - Trajnime profesionale dhe praktik\u00eb","publisher":{"@id":"https:\/\/roiacademy.net\/#organization"},"potentialAction":[{"@type":"SearchAction","target":{"@type":"EntryPoint","urlTemplate":"https:\/\/roiacademy.net\/?s={search_term_string}"},"query-input":{"@type":"PropertyValueSpecification","valueRequired":true,"valueName":"search_term_string"}}],"inLanguage":"en-US"},{"@type":"Organization","@id":"https:\/\/roiacademy.net\/#organization","name":"ROI Academy - Trajnime profesionale dhe praktik\u00eb","url":"https:\/\/roiacademy.net\/","logo":{"@type":"ImageObject","inLanguage":"en-US","@id":"https:\/\/roiacademy.net\/#\/schema\/logo\/image\/","url":"https:\/\/roiacademy.net\/wp-content\/uploads\/2019\/09\/cropped-weblogo-final.png","contentUrl":"https:\/\/roiacademy.net\/wp-content\/uploads\/2019\/09\/cropped-weblogo-final.png","width":100,"height":40,"caption":"ROI Academy - Trajnime profesionale dhe praktik\u00eb"},"image":{"@id":"https:\/\/roiacademy.net\/#\/schema\/logo\/image\/"}}]}},"_links":{"self":[{"href":"https:\/\/roiacademy.net\/en\/wp-json\/wp\/v2\/pages\/6679","targetHints":{"allow":["GET"]}}],"collection":[{"href":"https:\/\/roiacademy.net\/en\/wp-json\/wp\/v2\/pages"}],"about":[{"href":"https:\/\/roiacademy.net\/en\/wp-json\/wp\/v2\/types\/page"}],"author":[{"embeddable":true,"href":"https:\/\/roiacademy.net\/en\/wp-json\/wp\/v2\/users\/4"}],"replies":[{"embeddable":true,"href":"https:\/\/roiacademy.net\/en\/wp-json\/wp\/v2\/comments?post=6679"}],"version-history":[{"count":16,"href":"https:\/\/roiacademy.net\/en\/wp-json\/wp\/v2\/pages\/6679\/revisions"}],"predecessor-version":[{"id":7451,"href":"https:\/\/roiacademy.net\/en\/wp-json\/wp\/v2\/pages\/6679\/revisions\/7451"}],"wp:attachment":[{"href":"https:\/\/roiacademy.net\/en\/wp-json\/wp\/v2\/media?parent=6679"}],"curies":[{"name":"wp","href":"https:\/\/api.w.org\/{rel}","templated":true}]}}